{"id":811,"date":"2026-01-14T06:50:01","date_gmt":"2026-01-14T06:50:01","guid":{"rendered":"https:\/\/www.realroyal.co\/?page_id=811"},"modified":"2026-01-27T17:12:05","modified_gmt":"2026-01-27T17:12:05","slug":"terms-and-conditions","status":"publish","type":"page","link":"https:\/\/www.realroyal.co\/es\/terms-and-conditions\/","title":{"rendered":"T\u00e9rminos"},"content":{"rendered":"<div class=\"wp-block-stackable-columns stk-block-columns stk-block stk-680de66\" data-block-id=\"680de66\"><div class=\"stk-row stk-inner-blocks stk-block-content stk-content-align stk-680de66-column\">\n<div class=\"wp-block-stackable-column stk-block-column stk-column stk-block stk-4a59138\" data-v=\"4\" data-block-id=\"4a59138\"><style>@media screen and (min-width:690px){.stk-4a59138 {flex:var(--stk-flex-grow, 1) 1 33.3% !important;}}<\/style><div class=\"stk-column-wrapper stk-block-column__content stk-container stk-4a59138-container stk--no-background stk--no-padding\"><div class=\"stk-block-content stk-inner-blocks stk-4a59138-inner-blocks\"><\/div><\/div><\/div>\n\n\n\n<div class=\"wp-block-stackable-column stk-block-column stk-column stk-block stk-6f1d27a\" data-v=\"4\" data-block-id=\"6f1d27a\"><style>@media screen and (min-width:690px){.stk-6f1d27a {flex:var(--stk-flex-grow, 1) 1 66.7% !important;}}<\/style><div class=\"stk-column-wrapper stk-block-column__content stk-container stk-6f1d27a-container stk--no-background stk--no-padding\"><div class=\"stk-block-content stk-inner-blocks stk-6f1d27a-inner-blocks\">\n<div class=\"wp-block-stackable-heading stk-block-heading stk-block-heading--v2 stk-block stk-1eec8df\" id=\"terms-amp-conditions\" data-block-id=\"1eec8df\"><h1 class=\"stk-block-heading__text has-text-align-center\">T\u00e9rminos y condiciones<\/h1><\/div>\n\n\n\n<div class=\"wp-block-stackable-text stk-block-text stk-block stk-9bd3fdb\" data-block-id=\"9bd3fdb\"><p class=\"stk-block-text__text has-text-align-center\">Requisitos y responsabilidades<\/p><\/div>\n<\/div><\/div><\/div>\n<\/div><\/div>\n\n\n\n<div class=\"wp-block-stackable-columns stk-block-columns stk-block stk-757010c\" data-block-id=\"757010c\"><div class=\"stk-row stk-inner-blocks stk-block-content stk-content-align stk-757010c-column\">\n<div class=\"wp-block-stackable-column stk-block-column stk-column stk-block stk-9322227\" data-v=\"4\" data-block-id=\"9322227\"><style>@media screen and (min-width:690px){.stk-9322227 {flex:var(--stk-flex-grow, 1) 1 33.3% !important;}}<\/style><div class=\"stk-column-wrapper stk-block-column__content stk-container stk-9322227-container stk--no-background stk--no-padding\"><div class=\"stk-block-content stk-inner-blocks stk-9322227-inner-blocks\">\n<nav class=\"wp-block-stackable-table-of-contents stk-block-table-of-contents stk-block stk-d651718 sticky\" data-block-id=\"d651718\"><style>.stk-d651718 ul{list-style-type:none !important;}.stk-d651718 li, .stk-d651718 ul li a, .stk-d651718 ol li a{color:#9b51e0 !important;font-weight:600 !important;}<\/style><ul class=\"stk-table-of-contents__table has-text-color\"><li><a href=\"#1-terms\">1. T\u00e9rminos<\/a><\/li><li><a href=\"#2-use-license\">2. Licencia de uso<\/a><\/li><li><a href=\"#3-disclaimer\">3. Descargo de responsabilidad<\/a><\/li><li><a href=\"#4-limitations\">4. Limitaciones<\/a><\/li><li><a href=\"#5-revisions-and-errata\">5. Revisiones y erratas<\/a><\/li><li><a href=\"#6-links\">6. Enlaces<\/a><\/li><li><a href=\"#7-site-terms-of-use-modifications\">7. Modificaciones de los T\u00e9rminos de Uso del Sitio<\/a><\/li><li><a href=\"#your-privacy\">Tu privacidad<\/a><\/li><\/ul><\/nav>\n\n\n\n<style>\n@media (min-width: 769px) {\n  .sticky {\n    \/* Base styles for the transition *\/\n    transition: top 0.1s ease-out; \n    box-sizing: border-box; \n  }\n}\n<\/style>\n\n<script>\ndocument.addEventListener(\"DOMContentLoaded\", () => {\n    const el = document.querySelector(\".sticky\");\n    if (!el) return;\n\n    \/\/ Capture initial position once\n    const start = el.getBoundingClientRect().top + window.scrollY;\n    const stickAt = 220; \/\/ 220px from top\n    const buffer = 0;    \/\/ 0px from bottom\n\n    const handle = () => {\n        \/\/ If mobile OR we haven't scrolled past the start point: Reset styles\n        if (window.innerWidth <= 768 || window.scrollY < start - stickAt) {\n            el.style.cssText = \"\"; \n            return;\n        }\n\n        \/\/ Calculate position\n        const dist = document.body.scrollHeight - (window.scrollY + window.innerHeight);\n        const top = dist < buffer ? stickAt - (buffer - dist) : stickAt;\n        \n        \/\/ Apply sticky styles in one line\n        el.style.cssText = `position:fixed; top:${top}px; width:${el.parentElement.offsetWidth}px; z-index:10; transition:top 0.1s ease-out; box-sizing:border-box;`;\n    };\n\n    window.addEventListener(\"scroll\", handle);\n    window.addEventListener(\"resize\", handle);\n    handle(); \/\/ Run immediately on load\n});\n<\/script>\n<\/div><\/div><\/div>\n\n\n\n<div class=\"wp-block-stackable-column stk-block-column stk-column stk-block stk-1374fa3\" data-v=\"4\" data-block-id=\"1374fa3\"><style>@media screen and (min-width:690px){.stk-1374fa3 {flex:var(--stk-flex-grow, 1) 1 66.7% !important;}}<\/style><div class=\"stk-column-wrapper stk-block-column__content stk-container stk-1374fa3-container stk--no-background stk--no-padding\"><div class=\"stk-block-content stk-inner-blocks stk-1374fa3-inner-blocks\">\n<div class=\"wp-block-stackable-heading stk-block-heading stk-block-heading--v2 stk-block stk-60b1d3c\" id=\"1-terms\" data-block-id=\"60b1d3c\"><h2 class=\"stk-block-heading__text\">1. T\u00e9rminos<\/h2><\/div>\n\n\n\n<div class=\"wp-block-stackable-text stk-block-text stk-block stk-74d7523\" data-block-id=\"74d7523\"><p class=\"stk-block-text__text\">Al acceder a este sitio web, disponible en realReal.co, usted acepta estar sujeto a estos T\u00e9rminos y Condiciones de Uso y reconoce que es responsable del cumplimiento de las leyes locales aplicables. Si no est\u00e1 de acuerdo con alguno de estos t\u00e9rminos, tiene prohibido acceder a este sitio. El material contenido en este sitio web est\u00e1 protegido por derechos de autor y marcas registradas.<\/p><\/div>\n\n\n\n<div class=\"wp-block-stackable-heading stk-block-heading stk-block-heading--v2 stk-block stk-3b712d9\" id=\"2-use-license\" data-block-id=\"3b712d9\"><h2 class=\"stk-block-heading__text\">2. Licencia de uso<\/h2><\/div>\n\n\n\n<div class=\"wp-block-stackable-text stk-block-text stk-block stk-862c7a2\" data-block-id=\"862c7a2\"><p class=\"stk-block-text__text\">Se concede permiso para descargar temporalmente una copia de los materiales del sitio web de Real \u00fanicamente para su visualizaci\u00f3n personal, no comercial y transitoria. Esto constituye una licencia de uso, no una transferencia de propiedad, y bajo esta licencia usted no podr\u00e1:<\/p><\/div>\n\n\n\n<ul class=\"wp-block-list\">\n<li>&nbsp;Modificar o copiar los materiales;<\/li>\n\n\n\n<li>No utilice los materiales con fines comerciales ni para su exhibici\u00f3n p\u00fablica;<\/li>\n\n\n\n<li>Intentar aplicar ingenier\u00eda inversa a cualquier software contenido en el sitio web de Real;<\/li>\n\n\n\n<li>Elimine cualquier aviso de derechos de autor u otras anotaciones de propiedad de los materiales; o<\/li>\n\n\n\n<li>Transferir los materiales a otra persona o \u201creplicar\u201d los materiales en cualquier otro servidor.<\/li>\n<\/ul>\n\n\n\n<p>Esto permitir\u00e1 a Real rescindir el contrato en caso de incumplimiento de cualquiera de estas restricciones. Tras la rescisi\u00f3n, tambi\u00e9n se cancelar\u00e1 su derecho de visualizaci\u00f3n y deber\u00e1 destruir cualquier material descargado que obre en su poder, ya sea en formato impreso o electr\u00f3nico.<\/p>\n\n\n\n<div class=\"wp-block-stackable-heading stk-block-heading stk-block-heading--v2 stk-block stk-952659d\" id=\"3-disclaimer\" data-block-id=\"952659d\"><h2 class=\"stk-block-heading__text\">3. Descargo de responsabilidad<\/h2><\/div>\n\n\n\n<div class=\"wp-block-stackable-text stk-block-text stk-block stk-d359929\" data-block-id=\"d359929\"><p class=\"stk-block-text__text\">Todo el material del sitio web de Real se proporciona \u00abtal cual\u00bb. Real no ofrece garant\u00edas, ni expresas ni impl\u00edcitas, y por lo tanto, excluye cualquier otra garant\u00eda. Asimismo, Real no se responsabiliza de la exactitud ni la fiabilidad del uso del material de su sitio web ni de ning\u00fan otro aspecto relacionado con dicho material o con los sitios web vinculados a este.<\/p><\/div>\n\n\n\n<div class=\"wp-block-stackable-heading stk-block-heading stk-block-heading--v2 stk-block stk-5915c9e\" id=\"4-limitations\" data-block-id=\"5915c9e\"><h2 class=\"stk-block-heading__text\">4. Limitaciones<\/h2><\/div>\n\n\n\n<div class=\"wp-block-stackable-text stk-block-text stk-block stk-e2f2f37\" data-block-id=\"e2f2f37\"><p class=\"stk-block-text__text\">Real o sus proveedores no ser\u00e1n responsables de los da\u00f1os que puedan surgir del uso o la imposibilidad de usar los materiales del sitio web de Real, incluso si Real o un representante autorizado de este sitio web han sido notificados, verbalmente o por escrito, de la posibilidad de tales da\u00f1os. Algunas jurisdicciones no permiten limitaciones en las garant\u00edas impl\u00edcitas ni en la responsabilidad por da\u00f1os incidentales; por lo tanto, es posible que estas limitaciones no se apliquen en su caso.<\/p><\/div>\n\n\n\n<div class=\"wp-block-stackable-heading stk-block-heading stk-block-heading--v2 stk-block stk-5f68825\" id=\"5-revisions-and-errata\" data-block-id=\"5f68825\"><h2 class=\"stk-block-heading__text\">5. Revisiones y erratas<\/h2><\/div>\n\n\n\n<div class=\"wp-block-stackable-text stk-block-text stk-block stk-00570c7\" data-block-id=\"00570c7\"><p class=\"stk-block-text__text\">El contenido del sitio web de Real puede contener errores t\u00e9cnicos, tipogr\u00e1ficos o fotogr\u00e1ficos. Real no garantiza la exactitud, integridad ni actualidad del contenido de este sitio web. Real se reserva el derecho de modificar el contenido de su sitio web en cualquier momento y sin previo aviso. Real no se compromete a actualizar dicho contenido.<\/p><\/div>\n\n\n\n<div class=\"wp-block-stackable-heading stk-block-heading stk-block-heading--v2 stk-block stk-6ac4368\" id=\"6-links\" data-block-id=\"6ac4368\"><h2 class=\"stk-block-heading__text\">6. Enlaces<\/h2><\/div>\n\n\n\n<div class=\"wp-block-stackable-text stk-block-text stk-block stk-c00bb2d\" data-block-id=\"c00bb2d\"><p class=\"stk-block-text__text\">Real no ha revisado todos los sitios web enlazados desde su p\u00e1gina web y no se responsabiliza del contenido de dichos sitios. La presencia de cualquier enlace no implica la aprobaci\u00f3n de Real del sitio enlazado. El uso de cualquier sitio web enlazado es responsabilidad del usuario.<\/p><\/div>\n\n\n\n<div class=\"wp-block-stackable-heading stk-block-heading stk-block-heading--v2 stk-block stk-250ae41\" id=\"7-site-terms-of-use-modifications\" data-block-id=\"250ae41\"><h2 class=\"stk-block-heading__text\">7. Modificaciones de los T\u00e9rminos de Uso del Sitio<\/h2><\/div>\n\n\n\n<div class=\"wp-block-stackable-text stk-block-text stk-block stk-9031ebf\" data-block-id=\"9031ebf\"><p class=\"stk-block-text__text\">Real podr\u00e1 modificar estas Condiciones de Uso de su sitio web en cualquier momento sin previo aviso. Al utilizar este sitio web, usted acepta regirse por la versi\u00f3n vigente de estas Condiciones de Uso.<\/p><\/div>\n\n\n\n<div class=\"wp-block-stackable-heading stk-block-heading stk-block-heading--v2 stk-block stk-4aa0620\" id=\"your-privacy\" data-block-id=\"4aa0620\"><h2 class=\"stk-block-heading__text\">Tu privacidad<\/h2><\/div>\n\n\n\n<div class=\"wp-block-stackable-text stk-block-text stk-block stk-2950b35\" data-block-id=\"2950b35\"><p class=\"stk-block-text__text\">Por favor lea nuestra&nbsp;<a href=\"https:\/\/www.realroyal.co\/es\/privacy-policy\/\" data-type=\"page\" data-id=\"805\">Pol\u00edtica De Privacidad<\/a>.<\/p><\/div>\n\n\n\n<div class=\"wp-block-stackable-heading stk-block-heading stk-block-heading--v2 stk-block stk-580f178\" id=\"9-governing-law\" data-block-id=\"580f178\"><h2 class=\"stk-block-heading__text\">9. Ley aplicable<\/h2><\/div>\n\n\n\n<div class=\"wp-block-stackable-text stk-block-text stk-block stk-89f3d63\" data-block-id=\"89f3d63\"><p class=\"stk-block-text__text\">Cualquier reclamaci\u00f3n relacionada con el sitio web de Real se regir\u00e1 por las leyes de Estados Unidos, sin tener en cuenta sus disposiciones sobre conflicto de leyes.<\/p><\/div>\n<\/div><\/div><\/div>\n<\/div><\/div>\n\n\n\n<p><\/p>","protected":false},"excerpt":{"rendered":"<p>Terms &amp; Conditions Requirements and Responsibilities 1. Terms 2. Use License 3. Disclaimer\u200b 4. Limitations\u200b 5. Revisions and Errata 6. Links\u200b 7. Site Terms of Use Modifications Your Privacy 1. Terms By accessing this Website, accessible from realReal.co, you are agreeing to be bound by these Website Terms and Conditions of Use and agree that you are responsible for the agreement with any applicable local laws. If you disagree with any of these terms, you are prohibited from accessing this site. The materials contained in this Website are protected by copyright and trademark law. 2. Use License Permission is granted to temporarily download one copy of the materials on Real\u2019s Website for personal, non-commercial transitory viewing only. This is the grant of a license, not a transfer of title, and under this license you may not: This will let Real to terminate upon violations of any of these restrictions. Upon termination, your viewing right will also be terminated and you should destroy any downloaded materials in your possession whether it is printed or electronic format. 3. Disclaimer\u200b All the materials on Real\u2019s Website are provided \u201cas is\u201d. Real makes no warranties, may it be expressed or implied, therefore negates all other warranties. Furthermore, Real does not make any representations concerning the accuracy or reliability of the use of \u2028the materials on its Website or otherwise relating to such materials or any sites linked to this Website. 4. Limitations\u200b Real or its suppliers will not be hold accountable for any damages that will arise with the use or inability to use the materials on Real\u2019s Website, even if Real or an authorize representative of this Website has been notified, orally or written, of the possibility of such damage. Some jurisdiction does not allow limitations on implied warranties or limitations of liability for incidental damages, these limitations may not apply to you. 5. Revisions and Errata The materials appearing on Real\u2019s Website may include technical, typographical, or photographic errors. Real will not promise that any of the materials in this Website are accurate, complete, or current. Real may change the materials contained on its Website at any time without notice. Real does not make any commitment to update the materials. 6. Links\u200b Real has not reviewed all of the sites linked to its Website and is not responsible for the contents of any such linked site. The presence of any link does not imply endorsement by Real of the site. The use of any linked website is at the user\u2019s own risk. 7. Site Terms of Use Modifications Real may revise these Terms of Use for its Website at any time without prior notice. By using this Website, you are agreeing to be bound by the current version of these Terms and Conditions of Use. Your Privacy Please read our&nbsp;Privacy Policy. 9.&nbsp;Governing Law Any claim related to Real\u2019s Website shall be governed by the laws of us without regard to its conflict of law provisions.<\/p>","protected":false},"author":2,"featured_media":0,"parent":0,"menu_order":0,"comment_status":"closed","ping_status":"closed","template":"","meta":{"footnotes":""},"class_list":["post-811","page","type-page","status-publish","hentry"],"blocksy_meta":{"has_hero_section":"disabled","styles_descriptor":{"styles":{"desktop":"","tablet":"","mobile":""},"google_fonts":[],"version":6}},"_links":{"self":[{"href":"https:\/\/www.realroyal.co\/es\/wp-json\/wp\/v2\/pages\/811","targetHints":{"allow":["GET"]}}],"collection":[{"href":"https:\/\/www.realroyal.co\/es\/wp-json\/wp\/v2\/pages"}],"about":[{"href":"https:\/\/www.realroyal.co\/es\/wp-json\/wp\/v2\/types\/page"}],"author":[{"embeddable":true,"href":"https:\/\/www.realroyal.co\/es\/wp-json\/wp\/v2\/users\/2"}],"replies":[{"embeddable":true,"href":"https:\/\/www.realroyal.co\/es\/wp-json\/wp\/v2\/comments?post=811"}],"version-history":[{"count":32,"href":"https:\/\/www.realroyal.co\/es\/wp-json\/wp\/v2\/pages\/811\/revisions"}],"predecessor-version":[{"id":987,"href":"https:\/\/www.realroyal.co\/es\/wp-json\/wp\/v2\/pages\/811\/revisions\/987"}],"wp:attachment":[{"href":"https:\/\/www.realroyal.co\/es\/wp-json\/wp\/v2\/media?parent=811"}],"curies":[{"name":"wp","href":"https:\/\/api.w.org\/{rel}","templated":true}]}}