{"id":805,"date":"2026-01-13T15:40:41","date_gmt":"2026-01-13T15:40:41","guid":{"rendered":"https:\/\/www.realroyal.co\/?page_id=805"},"modified":"2026-01-27T17:13:02","modified_gmt":"2026-01-27T17:13:02","slug":"privacy-policy","status":"publish","type":"page","link":"https:\/\/www.realroyal.co\/es\/privacy-policy\/","title":{"rendered":"Pol\u00edtica De Privacidad"},"content":{"rendered":"<div class=\"wp-block-stackable-columns stk-block-columns stk-block stk-028f888\" data-block-id=\"028f888\"><div class=\"stk-row stk-inner-blocks stk-block-content stk-content-align stk-028f888-column\">\n<div class=\"wp-block-stackable-column stk-block-column stk-column stk-block stk-bb63f0a\" data-v=\"4\" data-block-id=\"bb63f0a\"><style>@media screen and (min-width:690px){.stk-bb63f0a {flex:var(--stk-flex-grow, 1) 1 calc(31.299999999999983% - var(--stk-column-gap, 0px) * 1 \/ 2 ) !important;}}<\/style><div class=\"stk-column-wrapper stk-block-column__content stk-container stk-bb63f0a-container stk--no-background stk--no-padding\"><div class=\"stk-block-content stk-inner-blocks stk-bb63f0a-inner-blocks\"><\/div><\/div><\/div>\n\n\n\n<div class=\"wp-block-stackable-column stk-block-column stk-column stk-block stk-87263cd\" data-v=\"4\" data-block-id=\"87263cd\"><style>@media screen and (min-width:690px){.stk-87263cd {flex:var(--stk-flex-grow, 1) 1 calc(68.70000000000002% - var(--stk-column-gap, 0px) * 1 \/ 2 ) !important;}}<\/style><div class=\"stk-column-wrapper stk-block-column__content stk-container stk-87263cd-container stk--no-background stk--no-padding\"><div class=\"stk-block-content stk-inner-blocks stk-87263cd-inner-blocks\">\n<div class=\"wp-block-stackable-heading stk-block-heading stk-block-heading--v2 stk-block stk-87f5dc2\" id=\"privacy-policy\" data-block-id=\"87f5dc2\"><h1 class=\"stk-block-heading__text\">Pol\u00edtica De Privacidad<\/h1><\/div>\n<\/div><\/div><\/div>\n<\/div><\/div>\n\n\n\n<div class=\"wp-block-stackable-columns stk-block-columns stk-block stk-7b7cc35\" data-block-id=\"7b7cc35\"><div class=\"stk-row stk-inner-blocks stk-block-content stk-content-align stk-7b7cc35-column\">\n<div class=\"wp-block-stackable-column stk-block-column stk-column stk-block stk-0df85ff\" data-v=\"4\" data-block-id=\"0df85ff\"><style>@media screen and (min-width:690px){.stk-0df85ff {flex:var(--stk-flex-grow, 1) 1 calc(31.299999999999983% - var(--stk-column-gap, 0px) * 1 \/ 2 ) !important;}}<\/style><div class=\"stk-column-wrapper stk-block-column__content stk-container stk-0df85ff-container stk--no-background stk--no-padding\"><div class=\"stk-block-content stk-inner-blocks stk-0df85ff-inner-blocks\">\n<nav class=\"wp-block-stackable-table-of-contents stk-block-table-of-contents stk-block stk-f549df8 sticky\" data-block-id=\"f549df8\"><style>.stk-f549df8 ul{list-style-type:none !important;}html{scroll-behavior:smooth !important;}.stk-f549df8 li, .stk-f549df8 ul li a, .stk-f549df8 ol li a{color:#9b51e0 !important;font-weight:600 !important;}<\/style><ul class=\"stk-table-of-contents__table has-text-color\"><li><a href=\"#requirements-and-responsibilities\">Requisitos y responsabilidades<\/a><\/li><li><a href=\"#consent\">Consentir<\/a><\/li><li><a href=\"#information-we-collect\">Informaci\u00f3n que recopilamos<\/a><\/li><li><a href=\"#how-we-use-your-information\">C\u00f3mo utilizamos su informaci\u00f3n<\/a><\/li><li><a href=\"#log-files\">Archivos de registro<\/a><\/li><li><a href=\"#advertising-partners-privacy-policies\">Pol\u00edticas de privacidad de los socios publicitarios<\/a><\/li><li><a href=\"#third-party-privacy-policies\">Pol\u00edticas de privacidad de terceros<\/a><\/li><li><a href=\"#ccpa-privacy-rights\">Derechos de privacidad CCPA<\/a><\/li><li><a href=\"#gdpr-data-protection-rights\">Derechos de protecci\u00f3n de datos del RGPD<\/a><\/li><li><a href=\"#childrens-information\">Informaci\u00f3n para ni\u00f1os<\/a><\/li><\/ul><\/nav>\n\n\n\n<style>\n@media (min-width: 769px) {\n  .sticky {\n    \/* Base styles for the transition *\/\n    transition: top 0.1s ease-out; \n    box-sizing: border-box; \n  }\n}\n<\/style>\n\n<script>\ndocument.addEventListener(\"DOMContentLoaded\", () => {\n    const el = document.querySelector(\".sticky\");\n    if (!el) return;\n\n    \/\/ Capture initial position once\n    const start = el.getBoundingClientRect().top + window.scrollY;\n    const stickAt = 160; \/\/ 220px from top\n    const buffer = 0;    \/\/ 0px from bottom\n\n    const handle = () => {\n        \/\/ If mobile OR we haven't scrolled past the start point: Reset styles\n        if (window.innerWidth <= 768 || window.scrollY < start - stickAt) {\n            el.style.cssText = \"\"; \n            return;\n        }\n\n        \/\/ Calculate position\n        const dist = document.body.scrollHeight - (window.scrollY + window.innerHeight);\n        const top = dist < buffer ? stickAt - (buffer - dist) : stickAt;\n        \n        \/\/ Apply sticky styles in one line\n        el.style.cssText = `position:fixed; top:${top}px; width:${el.parentElement.offsetWidth}px; z-index:10; transition:top 0.1s ease-out; box-sizing:border-box;`;\n    };\n\n    window.addEventListener(\"scroll\", handle);\n    window.addEventListener(\"resize\", handle);\n    handle(); \/\/ Run immediately on load\n});\n<\/script>\n<\/div><\/div><\/div>\n\n\n\n<div class=\"wp-block-stackable-column stk-block-column stk-column stk-block stk-84394dd\" data-v=\"4\" data-block-id=\"84394dd\"><style>@media screen and (min-width:690px){.stk-84394dd {flex:var(--stk-flex-grow, 1) 1 calc(68.70000000000002% - var(--stk-column-gap, 0px) * 1 \/ 2 ) !important;}}<\/style><div class=\"stk-column-wrapper stk-block-column__content stk-container stk-84394dd-container stk--no-background stk--no-padding\"><div class=\"stk-block-content stk-inner-blocks stk-84394dd-inner-blocks\">\n<h2 class=\"wp-block-heading\" id=\"requirements-and-responsibilities\">Requisitos y responsabilidades<\/h2>\n\n\n\n<div class=\"wp-block-stackable-text stk-block-text stk-block stk-a198ab7\" data-block-id=\"a198ab7\"><p class=\"stk-block-text__text\">En Real, una de nuestras principales prioridades es la privacidad de nuestros visitantes. Este documento de pol\u00edtica de privacidad describe los tipos de informaci\u00f3n que Real recopila y registra, as\u00ed como la forma en que la utilizamos.<\/p><\/div>\n\n\n\n<div class=\"wp-block-stackable-text stk-block-text stk-block stk-b0fa6bf\" data-block-id=\"b0fa6bf\"><p class=\"stk-block-text__text\">Si tiene alguna pregunta adicional o necesita m\u00e1s informaci\u00f3n sobre nuestra Pol\u00edtica de Privacidad, no dude en ponerse en contacto con nosotros.<\/p><\/div>\n\n\n\n<div class=\"wp-block-stackable-text stk-block-text stk-block stk-98618d4\" data-block-id=\"98618d4\"><p class=\"stk-block-text__text\">Esta Pol\u00edtica de Privacidad se aplica \u00fanicamente a nuestras actividades en l\u00ednea y es v\u00e1lida para los visitantes de nuestro sitio web con respecto a la informaci\u00f3n que comparten o que recopilamos en Real. Esta pol\u00edtica no se aplica a la informaci\u00f3n recopilada fuera de l\u00ednea o a trav\u00e9s de canales distintos a este sitio web.<\/p><\/div>\n\n\n\n<div class=\"wp-block-stackable-heading stk-block-heading stk-block-heading--v2 stk-block stk-08f8ae5\" id=\"consent\" data-block-id=\"08f8ae5\"><h2 class=\"stk-block-heading__text\">Consentir<\/h2><\/div>\n\n\n\n<div class=\"wp-block-stackable-text stk-block-text stk-block stk-7332854\" data-block-id=\"7332854\"><p class=\"stk-block-text__text\">Al utilizar nuestro sitio web, usted acepta nuestra Pol\u00edtica de Privacidad y sus t\u00e9rminos.<\/p><\/div>\n\n\n\n<div class=\"wp-block-stackable-heading stk-block-heading stk-block-heading--v2 stk-block stk-c67d0c1\" id=\"information-we-collect\" data-block-id=\"c67d0c1\"><h2 class=\"stk-block-heading__text\">Informaci\u00f3n que recopilamos<\/h2><\/div>\n\n\n\n<div class=\"wp-block-stackable-text stk-block-text stk-block stk-a0865b3\" data-block-id=\"a0865b3\"><p class=\"stk-block-text__text\">La informaci\u00f3n personal que se le solicite, as\u00ed como los motivos por los que se le solicita, se le explicar\u00e1n claramente en el momento en que le pidamos que proporcione dicha informaci\u00f3n.<\/p><\/div>\n\n\n\n<div class=\"wp-block-stackable-text stk-block-text stk-block stk-113e00b\" data-block-id=\"113e00b\"><p class=\"stk-block-text__text\">Si se pone en contacto con nosotros directamente, es posible que recibamos informaci\u00f3n adicional sobre usted, como su nombre, direcci\u00f3n de correo electr\u00f3nico, n\u00famero de tel\u00e9fono, el contenido del mensaje y\/o los archivos adjuntos que nos env\u00ede, y cualquier otra informaci\u00f3n que decida proporcionarnos.<\/p><\/div>\n\n\n\n<div class=\"wp-block-stackable-text stk-block-text stk-block stk-f006815\" data-block-id=\"f006815\"><p class=\"stk-block-text__text\">Al registrarte para obtener una cuenta, podemos solicitarte tu informaci\u00f3n de contacto, incluyendo datos como nombre, nombre de la empresa, direcci\u00f3n, direcci\u00f3n de correo electr\u00f3nico y n\u00famero de tel\u00e9fono.<\/p><\/div>\n\n\n\n<div class=\"wp-block-stackable-heading stk-block-heading stk-block-heading--v2 stk-block stk-8deaf6a\" id=\"how-we-use-your-information\" data-block-id=\"8deaf6a\"><h2 class=\"stk-block-heading__text\">C\u00f3mo utilizamos su informaci\u00f3n<\/h2><\/div>\n\n\n\n<div class=\"wp-block-stackable-text stk-block-text stk-block stk-a674234\" data-block-id=\"a674234\"><p class=\"stk-block-text__text\">Utilizamos la informaci\u00f3n que recopilamos de diversas maneras, entre ellas para:<\/p><\/div>\n\n\n\n<ul class=\"wp-block-list\">\n<li>Proporcionar, operar y mantener nuestro sitio web.<\/li>\n\n\n\n<li>Mejorar, personalizar y ampliar nuestro sitio web.<\/li>\n\n\n\n<li>Comprender y analizar c\u00f3mo utiliza nuestro sitio web.<\/li>\n\n\n\n<li>Desarrollar nuevos productos, servicios, caracter\u00edsticas y funcionalidades.<\/li>\n\n\n\n<li>Nos comunicaremos con usted, ya sea directamente o a trav\u00e9s de uno de nuestros socios, incluso para brindarle servicio al cliente, proporcionarle actualizaciones y otra informaci\u00f3n relacionada con el sitio web, y con fines de marketing y promoci\u00f3n.<\/li>\n\n\n\n<li>Enviarte correos electr\u00f3nicos<\/li>\n\n\n\n<li>Encuentre y prevenga el fraude<\/li>\n<\/ul>\n\n\n\n<div class=\"wp-block-stackable-heading stk-block-heading stk-block-heading--v2 stk-block stk-260f55b\" id=\"log-files\" data-block-id=\"260f55b\"><h2 class=\"stk-block-heading__text\">Archivos de registro<\/h2><\/div>\n\n\n\n<div class=\"wp-block-stackable-text stk-block-text stk-block stk-1d25acf\" data-block-id=\"1d25acf\"><p class=\"stk-block-text__text\">Real sigue un procedimiento est\u00e1ndar de uso de archivos de registro. Estos archivos registran las visitas a los sitios web. Todas las empresas de alojamiento web lo hacen y forma parte de los an\u00e1lisis de los servicios de alojamiento. La informaci\u00f3n recopilada por los archivos de registro incluye direcciones de protocolo de internet (IP), tipo de navegador, proveedor de servicios de internet (ISP), fecha y hora, p\u00e1ginas de referencia\/salida y, posiblemente, el n\u00famero de clics. Esta informaci\u00f3n no est\u00e1 vinculada a ning\u00fan dato que permita identificar personalmente al usuario. El prop\u00f3sito de esta informaci\u00f3n es analizar tendencias, administrar el sitio, rastrear la navegaci\u00f3n de los usuarios y recopilar informaci\u00f3n demogr\u00e1fica.<\/p><\/div>\n\n\n\n<div class=\"wp-block-stackable-heading stk-block-heading stk-block-heading--v2 stk-block stk-b66b47b\" id=\"advertising-partners-privacy-policies\" data-block-id=\"b66b47b\"><h2 class=\"stk-block-heading__text\">Pol\u00edticas de privacidad de los socios publicitarios<\/h2><\/div>\n\n\n\n<div class=\"wp-block-stackable-text stk-block-text stk-block stk-4379fdb\" data-block-id=\"4379fdb\"><p class=\"stk-block-text__text\">Puedes consultar esta lista para encontrar la Pol\u00edtica de Privacidad de cada uno de los socios publicitarios de Real.<\/p><\/div>\n\n\n\n<div class=\"wp-block-stackable-text stk-block-text stk-block stk-c1bf7ce\" data-block-id=\"c1bf7ce\"><p class=\"stk-block-text__text\">Los servidores de anuncios o redes publicitarias de terceros utilizan tecnolog\u00edas como cookies, JavaScript o balizas web en sus respectivos anuncios y enlaces que aparecen en Real, los cuales se env\u00edan directamente al navegador del usuario. Al hacerlo, reciben autom\u00e1ticamente su direcci\u00f3n IP. Estas tecnolog\u00edas se utilizan para medir la efectividad de sus campa\u00f1as publicitarias y\/o para personalizar el contenido publicitario que usted ve en los sitios web que visita.<\/p><\/div>\n\n\n\n<div class=\"wp-block-stackable-text stk-block-text stk-block stk-9cca71c\" data-block-id=\"9cca71c\"><p class=\"stk-block-text__text\">Tenga en cuenta que Real no tiene acceso ni control sobre estas cookies que utilizan los anunciantes externos.<\/p><\/div>\n\n\n\n<div class=\"wp-block-stackable-heading stk-block-heading stk-block-heading--v2 stk-block stk-7f7dee4\" id=\"third-party-privacy-policies\" data-block-id=\"7f7dee4\"><h2 class=\"stk-block-heading__text\">Pol\u00edticas de privacidad de terceros<\/h2><\/div>\n\n\n\n<div class=\"wp-block-stackable-text stk-block-text stk-block stk-ac84578\" data-block-id=\"ac84578\"><p class=\"stk-block-text__text\">La Pol\u00edtica de Privacidad de Real no se aplica a otros anunciantes ni sitios web. Por lo tanto, le recomendamos consultar las pol\u00edticas de privacidad de estos servidores de anuncios de terceros para obtener informaci\u00f3n m\u00e1s detallada. Estas pol\u00edticas pueden incluir sus pr\u00e1cticas e instrucciones sobre c\u00f3mo desactivar ciertas opciones.<\/p><\/div>\n\n\n\n<div class=\"wp-block-stackable-text stk-block-text stk-block stk-23bb8e4\" data-block-id=\"23bb8e4\"><p class=\"stk-block-text__text\">Puedes desactivar las cookies a trav\u00e9s de las opciones de tu navegador. Para obtener informaci\u00f3n m\u00e1s detallada sobre la gesti\u00f3n de cookies en navegadores espec\u00edficos, consulta los sitios web de los respectivos navegadores.<\/p><\/div>\n\n\n\n<div class=\"wp-block-stackable-heading stk-block-heading stk-block-heading--v2 stk-block stk-a695de0\" id=\"ccpa-privacy-rights\" data-block-id=\"a695de0\"><h2 class=\"stk-block-heading__text\">Derechos de privacidad CCPA<\/h2><\/div>\n\n\n\n<div class=\"wp-block-stackable-text stk-block-text stk-block stk-c31ddeb\" data-block-id=\"c31ddeb\"><p class=\"stk-block-text__text\">Seg\u00fan la CCPA, entre otros derechos, los consumidores de California tienen derecho a:<\/p><\/div>\n\n\n\n<ul class=\"wp-block-list\">\n<li>Solicitar a una empresa que recopila datos personales de un consumidor que revele las categor\u00edas y los datos personales espec\u00edficos que ha recopilado sobre los consumidores.<\/li>\n\n\n\n<li>Solicitar a una empresa que elimine cualquier dato personal del consumidor que haya recopilado.<\/li>\n\n\n\n<li>Solicitar que una empresa que vende datos personales de un consumidor, no venda dichos datos.<\/li>\n\n\n\n<li>Si realiza una solicitud, disponemos de un mes para responderle. Si desea ejercer alguno de estos derechos, p\u00f3ngase en contacto con nosotros.<\/li>\n<\/ul>\n\n\n\n<div class=\"wp-block-stackable-heading stk-block-heading stk-block-heading--v2 stk-block stk-76a31fa\" id=\"gdpr-data-protection-rights\" data-block-id=\"76a31fa\"><h2 class=\"stk-block-heading__text\">Derechos de protecci\u00f3n de datos del RGPD<\/h2><\/div>\n\n\n\n<div class=\"wp-block-stackable-text stk-block-text stk-block stk-8b2e82f\" data-block-id=\"8b2e82f\"><p class=\"stk-block-text__text\">Queremos asegurarnos de que usted est\u00e9 plenamente informado de todos sus derechos de protecci\u00f3n de datos. Todo usuario tiene derecho a lo siguiente:<\/p><\/div>\n\n\n\n<ul class=\"wp-block-list\">\n<li>Derecho de acceso: Usted tiene derecho a solicitar copias de sus datos personales. Es posible que le cobremos una peque\u00f1a tarifa por este servicio.<\/li>\n\n\n\n<li>Derecho de rectificaci\u00f3n: Tiene derecho a solicitar que corrijamos cualquier informaci\u00f3n que considere inexacta. Asimismo, tiene derecho a solicitar que completemos la informaci\u00f3n que considere incompleta.<\/li>\n\n\n\n<li>Derecho de supresi\u00f3n: Usted tiene derecho a solicitar que eliminemos sus datos personales, bajo ciertas condiciones.<\/li>\n\n\n\n<li>Derecho a restringir el tratamiento: Usted tiene derecho a solicitar que restrinjamos el tratamiento de sus datos personales, bajo ciertas condiciones.<\/li>\n\n\n\n<li>Derecho a oponerse al tratamiento: Usted tiene derecho a oponerse al tratamiento de sus datos personales por nuestra parte, bajo ciertas condiciones.<\/li>\n\n\n\n<li>Derecho a la portabilidad de datos: Usted tiene derecho a solicitar que transfiramos los datos que hemos recopilado a otra organizaci\u00f3n o directamente a usted, bajo ciertas condiciones.<\/li>\n<\/ul>\n\n\n\n<div class=\"wp-block-stackable-text stk-block-text stk-block stk-c3ad958\" data-block-id=\"c3ad958\"><p class=\"stk-block-text__text\">Si realiza una solicitud, disponemos de un mes para responderle. Si desea ejercer alguno de estos derechos, p\u00f3ngase en contacto con nosotros.<\/p><\/div>\n\n\n\n<div class=\"wp-block-stackable-heading stk-block-heading stk-block-heading--v2 stk-block stk-ffdb1cc\" id=\"childrens-information\" data-block-id=\"ffdb1cc\"><h2 class=\"stk-block-heading__text\">Informaci\u00f3n para ni\u00f1os<\/h2><\/div>\n\n\n\n<div class=\"wp-block-stackable-text stk-block-text stk-block stk-ed465bd\" data-block-id=\"ed465bd\"><p class=\"stk-block-text__text\">Otra de nuestras prioridades es brindar protecci\u00f3n a los ni\u00f1os mientras usan internet. Animamos a los padres y tutores a observar, participar y\/o supervisar y guiar su actividad en l\u00ednea.<\/p><\/div>\n\n\n\n<div class=\"wp-block-stackable-text stk-block-text stk-block stk-769d8ed\" data-block-id=\"769d8ed\"><p class=\"stk-block-text__text\">Real no recopila a sabiendas informaci\u00f3n personal identificable de menores de 13 a\u00f1os. Si cree que su hijo\/a ha proporcionado este tipo de informaci\u00f3n en nuestro sitio web, le recomendamos encarecidamente que se ponga en contacto con nosotros de inmediato y haremos todo lo posible por eliminarla r\u00e1pidamente de nuestros registros.<\/p><\/div>\n<\/div><\/div><\/div>\n<\/div><\/div>\n\n\n\n<p><\/p>","protected":false},"excerpt":{"rendered":"<p>Privacy Policy Requirements and Responsibilities Consent Information we collect How we use your information Log Files Advertising Partners Privacy Policies Third Party Privacy Policies CCPA Privacy Rights GDPR Data Protection Rights Children\u2019s Information Requirements and Responsibilities At Real, one of our main priorities is the privacy of our visitors. This privacy policy document contains types of information that is collected and recorded by Real and how we use it. If you have additional questions or require more information about our Privacy Policy, do not hesitate to contact us. This Privacy Policy applies only to our online activities and is valid for visitors to our website with regards to the information that they shared and\/or collect in Real. This policy is not applicable to any information collected offline or via channels other than this website. Consent By using our website, you hereby consent to our Privacy Policy and agree to its terms. Information we collect The personal information that you are asked to provide, and the reasons why you are asked to provide it, will be made clear to you at the point we ask you to provide your personal information. If you contact us directly, we may receive additional information about you such as your name, email address, phone number, the contents of the message and\/or attachments you may send us, and any other information you may choose to provide. When you register for an Account, we may ask for your contact information, including items such as name, company name, address, email address, and telephone number. How we use your information We use the information we collect in various ways, including to: Log Files Real follows a standard procedure of using log files. These files log visitors when they visit websites. All hosting companies do this and a part of hosting services\u2019 analytics. The information collected by log files include internet protocol (IP) addresses, browser type, Internet Service Provider (ISP), date and time stamp, referring\/exit pages, and possibly the number of clicks. These are not linked to any information that is personally identifiable. The purpose of the information is for analyzing trends, administering the site, tracking users\u2019 movement on the website, and gathering demographic information. Advertising Partners Privacy Policies You may consult this list to find the Privacy Policy for each of the advertising partners of Real. Third-party ad servers or ad networks uses technologies like cookies, JavaScript, or Web Beacons that are used in their respective advertisements and links that appear on Real, which are sent directly to users\u2019 browser. They automatically receive your IP address when this occurs. These technologies are used to measure the effectiveness of their advertising campaigns and\/or \u2028to personalize the advertising content that you see on websites that you visit. Note that Real has no access to or control over these cookies that are used by third-party advertiser. Third Party Privacy Policies Real\u2019s Privacy Policy does not apply to other advertisers or websites. Thus, we are advising you to consult the respective Privacy Policies of these third-party ad servers for more detailed information. It may include their practices and instructions about how to opt-out of certain options. You can choose to disable cookies through your individual browser options. To know more detailed information about cookie management with specific web browsers, it can be found at the browsers\u2019 respective websites. CCPA Privacy Rights Under the CCPA, among other rights, California consumers have the right to: GDPR Data Protection Rights We would like to make sure you are fully aware of all of your data protection rights. Every user is entitled to the following: If you make a request, we have one month to respond to you. If you would like to exercise any of these rights, please contact us. Children\u2019s Information Another part of our priority is adding protection for children while using the internet. We encourage parents and guardians to observe, participate in, and\/or monitor and guide their online activity. Real does not knowingly collect any Personal Identifiable Information from children under the age of 13. If you think that your child provided this kind of information on our website, we strongly encourage you to contact us immediately and we will do our best efforts to promptly remove such information from our records.<\/p>","protected":false},"author":2,"featured_media":0,"parent":0,"menu_order":0,"comment_status":"closed","ping_status":"closed","template":"","meta":{"footnotes":""},"class_list":["post-805","page","type-page","status-publish","hentry"],"blocksy_meta":{"has_hero_section":"disabled","styles_descriptor":{"styles":{"desktop":"","tablet":"","mobile":""},"google_fonts":[],"version":6}},"_links":{"self":[{"href":"https:\/\/www.realroyal.co\/es\/wp-json\/wp\/v2\/pages\/805","targetHints":{"allow":["GET"]}}],"collection":[{"href":"https:\/\/www.realroyal.co\/es\/wp-json\/wp\/v2\/pages"}],"about":[{"href":"https:\/\/www.realroyal.co\/es\/wp-json\/wp\/v2\/types\/page"}],"author":[{"embeddable":true,"href":"https:\/\/www.realroyal.co\/es\/wp-json\/wp\/v2\/users\/2"}],"replies":[{"embeddable":true,"href":"https:\/\/www.realroyal.co\/es\/wp-json\/wp\/v2\/comments?post=805"}],"version-history":[{"count":13,"href":"https:\/\/www.realroyal.co\/es\/wp-json\/wp\/v2\/pages\/805\/revisions"}],"predecessor-version":[{"id":940,"href":"https:\/\/www.realroyal.co\/es\/wp-json\/wp\/v2\/pages\/805\/revisions\/940"}],"wp:attachment":[{"href":"https:\/\/www.realroyal.co\/es\/wp-json\/wp\/v2\/media?parent=805"}],"curies":[{"name":"wp","href":"https:\/\/api.w.org\/{rel}","templated":true}]}}